{"id":707,"date":"2022-08-10T11:00:32","date_gmt":"2022-08-10T09:00:32","guid":{"rendered":"https:\/\/tichel-haus.de\/datenschutzerklaerung\/"},"modified":"2026-02-12T10:26:36","modified_gmt":"2026-02-12T09:26:36","slug":"datenschutzerklaerung","status":"publish","type":"page","link":"https:\/\/tichel-haus.de\/en\/datenschutzerklaerung\/","title":{"rendered":"Datenschutz"},"content":{"rendered":"<div class=\"wpb-content-wrapper\"><p>[vc_row][vc_column]<\/p><h3 class=\"grve-element grve-title grve-align-inherit grve-h3\"><span>Datenschutzerkl\u00e4rung<\/span><\/h3>[\/vc_column][\/vc_row][vc_row][vc_column width=\u201c1\/2\u201d]<h4 class=\"grve-element grve-title grve-align-inherit grve-h4\"><span>Hallo<\/span><\/h4>[vc_column_text css=\u201c\u201d]Danke f\u00fcr Ihr Inter\u00adesse an unserem Unternehmen. Nach\u00adfol\u00adgend find\u00aden Sie Infor\u00adma\u00adtio\u00adnen \u00fcber den Umgang mit Ihren per\u00adso\u00adn\u00aden\u00adbe\u00adzo\u00adge\u00adnen Dat\u00aden gem. Art. 13 Daten\u00adschutz\u00adgrund\u00adverord\u00adnung (DSGVO) beim Besuch unser\u00ader Website.\n<p>Per\u00adso\u00adn\u00aden\u00adbe\u00adzo\u00adgene Dat\u00aden (Nach\u00adname, Vor\u00adname, E\u2011Mail-Adresse), die Sie unter \u201eKon\u00adtakt\u201c eingeben, wer\u00adden nicht zu Wer\u00adbezweck\u00aden an Dritte weit\u00adergegeben. Sie wer\u00adden nur zur Bear\u00adbeitung Ihrer Anfrage gespe\u00adichert und nur dann weit\u00adergegeben, wenn dies die Bear\u00adbeitung Ihrer Anfrage erfordert. Die Dat\u00aden ver\u00adwen\u00adden wir auss\u00adchlie\u00dflich, um Ihre Anfrage zu bear\u00adbeit\u00aden und zu beantworten.<\/p>\n<p>Ver\u00adant\u00adwortlich f\u00fcr die Ver\u00adar\u00adbeitung von per\u00adso\u00adn\u00aden\u00adbe\u00adzo\u00adge\u00adnen Dat\u00aden auf dieser Web\u00adsite&nbsp;ist:<\/p>\n<p>QUEST Devel\u00adop\u00adment&nbsp;GmbH<\/p>\n<p>Gesch\u00e4fts\u00adf\u00fchrer:<br>\nKira Groth, Mar\u00adtin G\u00f6rge, Nils Femmer<br>\nWar\u00adburgstra\u00dfe 18 | 20354 Hamburg<\/p>\n<p>T: +49(0)40 607 734&nbsp;50<br>\nF: +49(0)40 607 734&nbsp;510<br>\n<a href=\"mailto:info@quest-investment.com\">info@quest-investment.com<\/a><br>\n<a href=\"http:\/\/www.quest-investment.com\">www.quest-investment.com<\/a><\/p>\n<p>Unser Inter\u00adnet\u00adser\u00advi\u00adce\u00adprovider sam\u00admelt zus\u00e4t\u00adzlich bei Ihrem Besuch in Log\u00adfiles fol\u00adgende Dat\u00aden: den Namen Ihres Inter\u00adnet\u00adser\u00advi\u00adce\u00adproviders, die IP-Adresse sowie die Inter\u00adnet\u00adseite, von der Sie auf unsere Seite gekom\u00admen sind, au\u00dfer\u00addem Datum, Uhrzeit und Dauer Ihres Besuch\u00ades und die Inter\u00adnet\u00adseit\u00aden, die Sie bei uns besucht haben. Ein Per\u00adso\u00adn\u00aden\u00adbezug wird dabei nicht hergestellt, die Dat\u00aden dienen auss\u00adchlie\u00dflich sta\u00adtis\u00adtis\u00adchen Zwecken.[\/vc_column_text]<\/p><div class=\"grve-empty-space grve-height-1x\"><\/div><h4 class=\"grve-element grve-title grve-align-inherit grve-h4\"><span>Verwendung von Cookies<\/span><\/h4>[vc_column_text]F\u00fcr die Opti\u00admierung der Anzeige und der Benutzung unser\u00ader Web\u00adsite ver\u00adwen\u00adden wir Cook\u00adies. Das sind Tex\u00adtin\u00adfor\u00adma\u00adtio\u00adnen, die beim Besuch der Web\u00adsite \u00fcber den Brows\u00ader auf einem Com\u00adput\u00ader gespe\u00adichert wer\u00adden. Diese Dat\u00aden wer\u00adden von uns nicht aus\u00adgew\u00adertet. Die meis\u00adten Web\u00adbrows\u00ader akzep\u00adtieren Cook\u00adies automa\u00adtisch. Cook\u00adies k\u00f6n\u00adnen Sie jed\u00aderzeit \u00fcber die Ein\u00adstel\u00adlun\u00adgen Ihres Web\u00adbrowsers l\u00f6schen. Sie k\u00f6n\u00adnen Cook\u00adies aber auch block\u00adieren, indem Sie bes\u00adtimmte Ein\u00adstel\u00adlun\u00adgen in Ihrem Inter\u00adnet\u00adbrows\u00ader vornehmen. In diesem Fall sind unter Umst\u00e4n\u00adden nicht alle Funk\u00adtio\u00adnen unser\u00ader Web\u00adsite f\u00fcr Sie verf\u00fcgbar.[\/vc_column_text]<div class=\"grve-empty-space grve-height-1x\"><\/div><h4 class=\"grve-element grve-title grve-align-inherit grve-h4\"><span>Buttons mit Links zu sozialen Netzwerken<\/span><\/h4>[vc_column_text]Durch die But\u00adtons mit Links zu unseren Auftrit\u00adten bei Face\u00adbook, Google+, Xing, LinkedIn und Twit\u00adter wer\u00adden keine Dat\u00aden zu den Net\u00adzw\u00aderken \u00fcber\u00adtra\u00adgen. Sobald Sie jedoch die But\u00adtons anklick\u00aden, ver\u00adlassen Sie unsere Inter\u00adnet\u00adseite und befind\u00aden sich auf den Inter\u00adnet\u00adseit\u00aden der aus\u00adgew\u00e4hlten sozialen Net\u00adzw\u00aderke. Entsprechend gel\u00adten die Daten\u00adschutzerk\u00adl\u00e4run\u00adgen der jew\u00adeili\u00adgen sozialen Net\u00adzw\u00aderke, f\u00fcr die wir keine Ver\u00adant\u00adwor\u00adtung \u00fcbernehmen. Entsprechend Ihrer Brows\u00ader-Ein\u00adstel\u00adlung wer\u00adden auf diesen Seit\u00aden per\u00adso\u00adn\u00aden\u00adbe\u00adzo\u00adgene Dat\u00aden von Ihnen gesammelt.\n<p>Auf unseren Inter\u00adnet\u00adseit\u00aden verzicht\u00aden wir auf \u201eGef\u00e4llt-mir-But\u00adtons\u201c von Face\u00adbook, um zu ver\u00admei\u00adden, dass diese bere\u00adits Dat\u00aden \u00fcber Sie sam\u00admeln, bevor Sie diese But\u00adtons \u00fcber\u00adhaupt angek\u00adlickt haben. Wir freuen uns, wenn Sie uns ein \u201eLike\u201c geben m\u00f6cht\u00aden. Daf\u00fcr klick\u00aden Sie bitte auf den But\u00adton mit dem Link zu Face\u00adbook und bet\u00e4ti\u00adgen dort den \u201eGef\u00e4llt-mir-But\u00adton\u201c.<\/p>\n<p>Aus daten\u00adschutzrechtlichen Gr\u00fcn\u00adden verzicht\u00aden wir auf die Inte\u00adgra\u00adtion von Social Media Scripts, weil im Hin\u00adter\u00adgrund soziale Track\u00ading-Dienst-Meth\u00ado\u00add\u00aden ver\u00adwen\u00addet wer\u00adden. Damit Sie beispiel\u00adsweise Beitr\u00e4ge in unserem Blog mit \u201egef\u00e4llt mir\u201c markieren k\u00f6n\u00adnen oder diese teilen k\u00f6n\u00adnen, haben wir entsprechende \u201eTeilen\u201c-Buttons f\u00fcr Face\u00adbook, Twit\u00adter und Google+ einge\u00adf\u00fcgt. Falls Sie einen der But\u00adtons anklick\u00aden, erhal\u00adten Sie den Hin\u00adweis, dass die sozialen Medi\u00aden Analyse-Scripts im Hin\u00adter\u00adgrund laden, um das Nutzerver\u00adhal\u00adten zu erfassen. Der Beitrag wird erst geteilt und entsprechende Skripte geladen, wenn Sie dem zustimmen.[\/vc_column_text]<\/p><div class=\"grve-empty-space grve-height-1x\"><\/div><h4 class=\"grve-element grve-title grve-align-inherit grve-h4\"><span>Nutzung von Adobe&nbsp;Type<\/span><\/h4>[vc_column_text]Durch die Ver\u00adwen\u00addung von Web\u00adsite Type\u00adkit Fonts auf unser\u00ader Web\u00adsite k\u00f6n\u00adnen wir bes\u00adtimmte Schrif\u00adtarten verwenden.\n<p>Wie ver\u00adwen\u00addet der Dienst \u201eAdobe Fonts\u201c f\u00fcr Web\u00adsites Cookies?<br>\nBei der Bere\u00adit\u00adstel\u00adlung der Adobe Fonts-Web\u00adsite (fonts.adobe.com) ver\u00adwen\u00adden wir Cook\u00adies gem\u00e4\u00df unser\u00ader Datenschutzerkl\u00e4rung.<br>\nIm Zuge der Bere\u00adit\u00adstel\u00adlung des Dien\u00adsts \u201eAdobe Fonts\u201c f\u00fcr Web\u00adsites platzieren oder ver\u00adwen\u00adden wir keine Cook\u00adies auf Web\u00adsites, um unsere Schriften bereitzustellen.<\/p>\n<p>Welche Infor\u00adma\u00adtio\u00adnen wer\u00adden vom Dienst \u201eAdobe Fonts\u201c f\u00fcr Web\u00adsites erfasst?<br>\nZur Bere\u00adit\u00adstel\u00adlung des Dien\u00adsts \u201eAdobe Fonts\u201c f\u00fcr Web\u00adsites kann Adobe Infor\u00adma\u00adtio\u00adnen \u00fcber die Schriften bzw. Schrif\u00adtarten erfassen, die f\u00fcr Ihre Web\u00adsite bere\u00adit\u00adgestellt wer\u00adden. Die Infor\u00adma\u00adtio\u00adnen wer\u00adden zur Abrech\u00adnung und Ein\u00adhal\u00adtung von Vorschriften ver\u00adwen\u00addet und k\u00f6n\u00adnen Fol\u00adgen\u00addes umfassen:<\/p>\n<ul>\n<li>bere\u00adit\u00adgestellte Schriften<\/li>\n<li>ID des Webprojekts<\/li>\n<li>JavaScript-Ver\u00adsion des Webpro\u00adjek\u00adts (String)<\/li>\n<li>Art des Webpro\u00adjek\u00adts (String \u201econ\u00adfig\u00adurable\u201c oder \u201edynam\u00adic\u201c)<\/li>\n<li>Ein\u00adbet\u00adtungstyp (ob Sie den JavaScript- oder CSS-Ein\u00adbet\u00adtungscode verwenden)<\/li>\n<li>Kon\u00adto-ID (iden\u00adti\u00adfiziert den Kun\u00adden, von dem das Webpro\u00adjekt stammt)<\/li>\n<li>Dienst, der die Schrif\u00adtarten bere\u00adit\u00adstellt (z. B. Adobe&nbsp;Fonts)<\/li>\n<li>Serv\u00ader, der die Schrif\u00adtarten bere\u00adit\u00adstellt (z. B. Serv\u00ader von Adobe Fonts oder Unternehmens-CDN)<\/li>\n<li>Host\u00adname der Seite, auf der die Schriften geladen werden<\/li>\n<\/ul>\n<p>Wie ver\u00adwen\u00addet der Dienst \u201eAdobe Fonts\u201c f\u00fcr Web\u00adsites die von ihm erfassten Informationen?<br>\nAdobe ver\u00adwen\u00addet die von Web\u00adsites, die Adobe Fonts nutzen, erfassten Infor\u00adma\u00adtio\u00adnen, um den Dienst \u201eAdobe Fonts\u201c bere\u00aditzustellen und Liefer- oder Down\u00adload-Prob\u00adleme zu diag\u00adnos\u00adtizieren. Diese Infor\u00adma\u00adtio\u00adnen wer\u00adden auch genutzt, um die Vertr\u00e4ge von Adobe mit den Schriften\u00adher\u00adstellern, deren Schriften ver\u00adwen\u00addet wer\u00adden, zu bezahlen und zu erf\u00fcllen. Wir teilen aggregierte Berichte mit Schriften\u00adher\u00adstellern und best\u00e4ti\u00adgen m\u00f6glicher\u00adweise einem Schriften\u00adher\u00adsteller gegen\u00fcber, dass Sie \u00fcber eine g\u00fcltige Lizenz von Adobe ver\u00adf\u00fc\u00adgen, geben aber ander\u00adweit\u00adig Ihre per\u00adso\u00adn\u00aden\u00adbe\u00adzo\u00adge\u00adnen Infor\u00adma\u00adtio\u00adnen nicht an Schriften\u00adher\u00adsteller weiter.<\/p>\n<p>Adobe nimmt an dem EU-US-Pri\u00adva\u00adcy Shield teil:<br>\n<a href=\"http:\/\/www.privacyshield.gov\/EU-US-Framework\">www.privacyshield.gov\/EU-US-framework<\/a>[\/vc_column_text][\/vc_column][vc_column width=\u201c1\/2\u201d]<\/p><h4 class=\"grve-element grve-title grve-align-inherit grve-h4\"><span>Einsatz von Google Analytics<\/span><\/h4>[vc_column_text]Wir benutzen Google Ana\u00adlyt\u00adics, um die Nutzung unser\u00ader Web\u00adsite analysieren und verbessern zu k\u00f6n\u00adnen. Die Daten\u00adver\u00adar\u00adbeitung erfol\u00adgt auf Grund\u00adlage von Art. 6 Abs. 1 DSGVO. Google Ana\u00adlyt\u00adics ist ein Web\u00adanalyse\u00addi\u00adenst der Google Inc. und ver\u00adwen\u00addet sog. \u201eCook\u00adies\u201c, also Text\u00addateien, die auf Ihrem Com\u00adput\u00ader gespe\u00adichert wer\u00adden und die eine Analyse der Benutzung der Web\u00adsite durch Sie erm\u00f6glichen. Die durch das Cook\u00adie erzeugten Infor\u00adma\u00adtio\u00adnen \u00fcber Ihre Benutzung dieser Web\u00adsite wer\u00adden in der Regel an einen Serv\u00ader von Google in den USA \u00fcber\u00adtra\u00adgen und dort gespe\u00adichert. Im Fall der Aktivierung der IP-Anonymisierung auf dieser Web\u00adsite, wird Ihre IP-Adresse an einen Serv\u00ader von Google in den USA \u00fcber\u00adtra\u00adgen und dort zuvor gek\u00fcrzt. In Aus\u00adnah\u00adme\u00adf\u00e4llen wird die volle IP-Adresse an einen Serv\u00ader von Google in den USA \u00fcber\u00adtra\u00adgen und dort gek\u00fcrzt.\n<p>Im Auf\u00adtrag des Betreibers dieser Web\u00adsite wird Google diese Infor\u00adma\u00adtio\u00adnen benutzen, um den Besuch auf der Web\u00adsite auszuw\u00aderten, um Reports \u00fcber die Web\u00adsiteak\u00adtiv\u00adit\u00e4ten zusam\u00admen\u00adzustellen und um weit\u00adere mit der Web\u00adsitenutzung und der Inter\u00adnet\u00adnutzung ver\u00adbun\u00addene Dien\u00adstleis\u00adtun\u00adgen gegen\u00fcber dem Web\u00adsite\u00adbe\u00adtreiber zu erbringen.<\/p>\n<p>Die im Rah\u00admen von Google Ana\u00adlyt\u00adics von Ihrem Brows\u00ader \u00fcber\u00admit\u00adtelte IP-Adresse wird nicht mit anderen Dat\u00aden von Google zusam\u00admenge\u00adf\u00fchrt. Die Spe\u00adicherung der Cook\u00adies k\u00f6n\u00adnen Sie durch eine entsprechende Ein\u00adstel\u00adlung Ihrer Brows\u00ader-Soft\u00adware ver\u00adhin\u00addern. Es beste\u00adht jedoch die M\u00f6glichkeit, dass Sie in diesem Fall gegebe\u00adnen\u00adfalls nicht s\u00e4mtliche Funk\u00adtio\u00adnen dieser Web\u00adsite vol\u00adlum\u00adf\u00e4nglich nutzen k\u00f6nnen.<\/p>\n<p>Sie k\u00f6n\u00adnen die Erfas\u00adsung der durch das Cook\u00adie erzeugten und auf Ihre Nutzung der Web\u00adsite bezo\u00adge\u00adnen Dat\u00aden (inkl. Ihrer IP-Adresse) an Google sowie die Ver\u00adar\u00adbeitung dieser Dat\u00aden durch Google ver\u00adhin\u00addern, indem Sie ver\u00adf\u00fcg\u00adbare Brows\u00ader-Plu\u00adg\u00adin herun\u00adter\u00adladen und instal\u00adlieren. <a href=\"http:\/\/tools.google.com\/dlpage\/gaoptout?hl=de\">Mehr Infor\u00adma\u00adtio\u00adnen<\/a>.<\/p>\n<p>Die Erfas\u00adsung durch Google Ana\u00adlyt\u00adics k\u00f6n\u00adnen Sie ver\u00adhin\u00addern, indem Sie auf den gr\u00fc\u00adnen But\u00adton \u201eAna\u00adlyt\u00adics Ein\u00adstel\u00adlun\u00adgen\u201c klick\u00aden. Dort k\u00f6n\u00adnen Sie w\u00e4hlen, ob Sie Google Ana\u00adlyt\u00adics zulassen, deak\u00adtivieren oder ein\u00adma\u00adlig zulassen. Im Falle, dass Sie Google Ana\u00adlyt\u00adics dort deak\u00adtivieren, wird ein Opt-Out-Cook\u00adie geset\u00adzt, das die zuk\u00fcn\u00adftige Erfas\u00adsung Ihrer Dat\u00aden beim Besuch dieser Web\u00adsite verhindert.<\/p>\n<p>N\u00e4here Infor\u00adma\u00adtio\u00adnen zu Nutzungs\u00adbe\u00addin\u00adgun\u00adgen und Daten\u00adschutz von Google find\u00aden Sie&nbsp;unter:<br>\n<a href=\"http:\/\/www.google.com\/analytics\/terms\/de.html\">www.google.com\/analytics\/terms\/de.html<\/a><br>\n<a href=\"http:\/\/www.google.de\/intl\/de\/policies\">www.google.de\/intl\/de\/policies<\/a>[\/vc_column_text]<\/p><div class=\"grve-empty-space grve-height-1x\"><\/div><h4 class=\"grve-element grve-title grve-align-inherit grve-h4\"><span>Google Maps<\/span><\/h4>[vc_column_text]Als Ser\u00advice f\u00fcr Sie nutzen wir auf unser\u00ader Seite Google Maps \u2013 dies erm\u00f6glicht die prak\u00adtis\u00adche Nutzung der Karten\u00adfunk\u00adtion. Durch die Nutzung von Google Maps wer\u00adden Dat\u00aden an Google in den USA \u00fcber\u00admit\u00adtelt, darunter Ihre IP-Adresse. Falls Sie das nicht w\u00fcn\u00adschen, ist es m\u00f6glich, dass Sie in Ihren Browsere\u00adin\u00adstel\u00adlun\u00adgen JavaScript deak\u00adtivieren und entsprechend Google Maps nicht nutzen.\n<p>N\u00e4here Infor\u00adma\u00adtio\u00adnen zu den Nutzungs\u00adbe\u00addin\u00adgun\u00adgen von Google: <a href=\"http:\/\/www.google.com\/analytics\/terms\/de.html\">www.google.com\/analytics\/terms\/de.html<\/a><\/p>\n<p>Infor\u00adma\u00adtio\u00adnen zum Daten\u00adschutz von Google:<br>\n<a href=\"http:\/\/www.google.com\/intl\/de_US\/help\/terms_maps.html\">www.google.com\/intl\/de_US\/help\/terms_maps.html<\/a>[\/vc_column_text]<\/p><div class=\"grve-empty-space grve-height-1x\"><\/div><h4 class=\"grve-element grve-title grve-align-inherit grve-h4\"><span>Rechtsgrundlagen<\/span><\/h4>[vc_column_text]Rechtsgrundlage f\u00fcr die Daten\u00adver\u00adar\u00adbeitung auf dieser Inter\u00adnet\u00adseite ist die EU-Daten\u00adschutz-Grund\u00adverord\u00adnung. Die Dat\u00aden wer\u00adden nur so lange gespe\u00adichert, wie dies f\u00fcr die oben genan\u00adnten Zwecke erforder\u00adlich ist oder geset\u00adzliche Vor\u00adgaben dies fordern.\n<p>[\/vc_column_text]<\/p><div class=\"grve-empty-space grve-height-1x\"><\/div><h4 class=\"grve-element grve-title grve-align-inherit grve-h4\"><span>Anfragen<\/span><\/h4>[vc_column_text]Aufsichtsbeh\u00f6rden sind die Lan\u00addes\u00adbeauf\u00adtragten f\u00fcr Daten\u00adschutz. An die k\u00f6n\u00adnen Sie sich wen\u00adden, wenn Sie bei uns Unregelm\u00e4\u00dfigkeit\u00aden im Daten\u00adschutz ver\u00admuten. Sie k\u00f6n\u00adnen sich auch direkt an unseren Daten\u00adschutzbeauf\u00adtragten wenden.\n<p>Entsprechend dem gel\u00adtenden Auskun\u00adft\u00adsrecht gem. Art. 15 DSGVO teilen wir Ihnen auf Anfrage gerne mit, ob und welche per\u00ads\u00f6n\u00adlichen Dat\u00aden wir \u00fcber Sie bei uns gespe\u00adichert haben. Sie haben das Recht, unverz\u00fcglich die Berich\u00adti\u00adgung Sie betr\u00ade\u00adf\u00adfend\u00ader unrichtiger per\u00adso\u00adn\u00aden\u00adbe\u00adzo\u00adgen\u00ader Dat\u00aden zu ver\u00adlan\u00adgen. Sie haben zudem das Recht, zu ver\u00adlan\u00adgen, dass Sie betr\u00ade\u00adf\u00adfende per\u00adso\u00adn\u00aden\u00adbe\u00adzo\u00adgene Dat\u00aden unverz\u00fcglich gel\u00f6scht wer\u00adden (gem. Art. 16 und 17&nbsp;DSGVO).<\/p>\n<p>F\u00fcr Ausk\u00fcn\u00adfte oder Anre\u00adgun\u00adgen zum The\u00adma Daten\u00adschutz ste\u00adht Ihnen unser Daten\u00adschutzbeauf\u00adtragter gern zur Verf\u00fcgung:[\/vc_column_text]<\/p><div class=\"grve-empty-space grve-height-1x\"><\/div><h4 class=\"grve-element grve-title grve-align-inherit grve-h4\"><span>Datenschutzbeauftragter:<\/span><\/h4>[vc_column_text]<a href=\"mailto:datenschutz@quest-investment.com\">datenschutz@quest-investment.com<\/a>[\/vc_column_text][\/vc_column][\/vc_row]\n<\/div>","protected":false},"excerpt":{"rendered":"<p>[vc_row][vc_column][\/vc_column][\/vc_row][vc_row][vc_column width=\u201c1\/2\u201d][vc_column_text css=\u201c\u201d]Danke f\u00fcr Ihr Inter\u00adesse an unserem Unternehmen. Nach\u00adfol\u00adgend find\u00aden Sie Infor\u00adma\u00adtio\u00adnen \u00fcber den Umgang mit Ihren per\u00adso\u00adn\u00aden\u00adbe\u00adzo\u00adge\u00adnen Dat\u00aden gem. Art. 13 Daten\u00adschutz\u00adgrund\u00adverord\u00adnung (DSGVO) beim Besuch unser\u00ader Web\u00adsite. Per\u00adso\u00adn\u00aden\u00adbe\u00adzo\u00adgene Dat\u00aden (Nach\u00adname, Vor\u00adname, E\u2011Mail-Adresse), die Sie unter \u201eKon\u00adtakt\u201c eingeben, wer\u00adden nicht zu Wer\u00adbezweck\u00aden an Dritte weit\u00adergegeben. Sie wer\u00adden nur zur Bear\u00adbeitung Ihrer Anfrage gespe\u00adichert und&nbsp;[\u2026]<\/p>\n","protected":false},"author":1,"featured_media":0,"parent":0,"menu_order":0,"comment_status":"closed","ping_status":"open","template":"","meta":{"wp_typography_post_enhancements_disabled":false,"footnotes":""},"class_list":["post-707","page","type-page","status-publish","hentry","grve-entry-item"],"yoast_head":"<!-- This site is optimized with the Yoast SEO plugin v26.7 - https:\/\/yoast.com\/wordpress\/plugins\/seo\/ -->\n<title>Datenschutz - Tichelhaus<\/title>\n<meta name=\"robots\" content=\"index, follow, max-snippet:-1, max-image-preview:large, max-video-preview:-1\" \/>\n<link rel=\"canonical\" href=\"https:\/\/tichel-haus.de\/en\/datenschutzerklaerung\/\" \/>\n<meta property=\"og:locale\" content=\"en_US\" \/>\n<meta property=\"og:type\" content=\"article\" \/>\n<meta property=\"og:title\" content=\"Datenschutz - Tichelhaus\" \/>\n<meta property=\"og:description\" content=\"[vc_row][vc_column][\/vc_column][\/vc_row][vc_row][vc_column width=\u201c1\/2\u201d][vc_column_text css=\u201c\u201d]Danke f\u00fcr Ihr Inter\u00adesse an unserem Unternehmen. Nach\u00adfol\u00adgend find\u00aden Sie Infor\u00adma\u00adtio\u00adnen \u00fcber den Umgang mit Ihren per\u00adso\u00adn\u00aden\u00adbe\u00adzo\u00adge\u00adnen Dat\u00aden gem. Art. 13 Daten\u00adschutz\u00adgrund\u00adverord\u00adnung (DSGVO) beim Besuch unser\u00ader Website. Per\u00adso\u00adn\u00aden\u00adbe\u00adzo\u00adgene Dat\u00aden (Nach\u00adname, Vor\u00adname, E\u2011Mail-Adresse), die Sie unter \u201eKon\u00adtakt\u201c eingeben, wer\u00adden nicht zu Wer\u00adbezweck\u00aden an Dritte weit\u00adergegeben. Sie wer\u00adden nur zur Bear\u00adbeitung Ihrer Anfrage gespe\u00adichert und [&hellip;]\" \/>\n<meta property=\"og:url\" content=\"https:\/\/tichel-haus.de\/en\/datenschutzerklaerung\/\" \/>\n<meta property=\"og:site_name\" content=\"Tichelhaus\" \/>\n<meta property=\"article:modified_time\" content=\"2026-02-12T09:26:36+00:00\" \/>\n<meta name=\"twitter:card\" content=\"summary_large_image\" \/>\n<meta name=\"twitter:label1\" content=\"Est. reading time\" \/>\n\t<meta name=\"twitter:data1\" content=\"8 minutes\" \/>\n<script type=\"application\/ld+json\" class=\"yoast-schema-graph\">{\"@context\":\"https:\/\/schema.org\",\"@graph\":[{\"@type\":\"WebPage\",\"@id\":\"https:\/\/tichel-haus.de\/en\/datenschutzerklaerung\/\",\"url\":\"https:\/\/tichel-haus.de\/en\/datenschutzerklaerung\/\",\"name\":\"Datenschutz - Tichelhaus\",\"isPartOf\":{\"@id\":\"https:\/\/tichel-haus.de\/#website\"},\"datePublished\":\"2022-08-10T09:00:32+00:00\",\"dateModified\":\"2026-02-12T09:26:36+00:00\",\"breadcrumb\":{\"@id\":\"https:\/\/tichel-haus.de\/en\/datenschutzerklaerung\/#breadcrumb\"},\"inLanguage\":\"en-US\",\"potentialAction\":[{\"@type\":\"ReadAction\",\"target\":[\"https:\/\/tichel-haus.de\/en\/datenschutzerklaerung\/\"]}]},{\"@type\":\"BreadcrumbList\",\"@id\":\"https:\/\/tichel-haus.de\/en\/datenschutzerklaerung\/#breadcrumb\",\"itemListElement\":[{\"@type\":\"ListItem\",\"position\":1,\"name\":\"Startseite\",\"item\":\"https:\/\/tichel-haus.de\/en\/\"},{\"@type\":\"ListItem\",\"position\":2,\"name\":\"Datenschutz\"}]},{\"@type\":\"WebSite\",\"@id\":\"https:\/\/tichel-haus.de\/#website\",\"url\":\"https:\/\/tichel-haus.de\/\",\"name\":\"Tichelhaus\",\"description\":\"Eine weitere WordPress-Website\",\"publisher\":{\"@id\":\"https:\/\/tichel-haus.de\/#organization\"},\"potentialAction\":[{\"@type\":\"SearchAction\",\"target\":{\"@type\":\"EntryPoint\",\"urlTemplate\":\"https:\/\/tichel-haus.de\/?s={search_term_string}\"},\"query-input\":{\"@type\":\"PropertyValueSpecification\",\"valueRequired\":true,\"valueName\":\"search_term_string\"}}],\"inLanguage\":\"en-US\"},{\"@type\":\"Organization\",\"@id\":\"https:\/\/tichel-haus.de\/#organization\",\"name\":\"Tichelhaus\",\"url\":\"https:\/\/tichel-haus.de\/\",\"logo\":{\"@type\":\"ImageObject\",\"inLanguage\":\"en-US\",\"@id\":\"https:\/\/tichel-haus.de\/#\/schema\/logo\/image\/\",\"url\":\"https:\/\/tichel-haus.de\/wp-content\/uploads\/2022\/08\/220609_QUE_22_007_Willy-Brandt-69_Logo_schwarz_1.0_website.svg\",\"contentUrl\":\"https:\/\/tichel-haus.de\/wp-content\/uploads\/2022\/08\/220609_QUE_22_007_Willy-Brandt-69_Logo_schwarz_1.0_website.svg\",\"width\":639,\"height\":130,\"caption\":\"Tichelhaus\"},\"image\":{\"@id\":\"https:\/\/tichel-haus.de\/#\/schema\/logo\/image\/\"}}]}<\/script>\n<!-- \/ Yoast SEO plugin. -->","yoast_head_json":{"title":"Datenschutz - Tichelhaus","robots":{"index":"index","follow":"follow","max-snippet":"max-snippet:-1","max-image-preview":"max-image-preview:large","max-video-preview":"max-video-preview:-1"},"canonical":"https:\/\/tichel-haus.de\/en\/datenschutzerklaerung\/","og_locale":"en_US","og_type":"article","og_title":"Datenschutz - Tichelhaus","og_description":"[vc_row][vc_column][\/vc_column][\/vc_row][vc_row][vc_column width=\u201c1\/2\u201d][vc_column_text css=\u201c\u201d]Danke f\u00fcr Ihr Inter\u00adesse an unserem Unternehmen. Nach\u00adfol\u00adgend find\u00aden Sie Infor\u00adma\u00adtio\u00adnen \u00fcber den Umgang mit Ihren per\u00adso\u00adn\u00aden\u00adbe\u00adzo\u00adge\u00adnen Dat\u00aden gem. Art. 13 Daten\u00adschutz\u00adgrund\u00adverord\u00adnung (DSGVO) beim Besuch unser\u00ader Website. Per\u00adso\u00adn\u00aden\u00adbe\u00adzo\u00adgene Dat\u00aden (Nach\u00adname, Vor\u00adname, E\u2011Mail-Adresse), die Sie unter \u201eKon\u00adtakt\u201c eingeben, wer\u00adden nicht zu Wer\u00adbezweck\u00aden an Dritte weit\u00adergegeben. Sie wer\u00adden nur zur Bear\u00adbeitung Ihrer Anfrage gespe\u00adichert und [&hellip;]","og_url":"https:\/\/tichel-haus.de\/en\/datenschutzerklaerung\/","og_site_name":"Tichelhaus","article_modified_time":"2026-02-12T09:26:36+00:00","twitter_card":"summary_large_image","twitter_misc":{"Est. reading time":"8 minutes"},"schema":{"@context":"https:\/\/schema.org","@graph":[{"@type":"WebPage","@id":"https:\/\/tichel-haus.de\/en\/datenschutzerklaerung\/","url":"https:\/\/tichel-haus.de\/en\/datenschutzerklaerung\/","name":"Datenschutz - Tichelhaus","isPartOf":{"@id":"https:\/\/tichel-haus.de\/#website"},"datePublished":"2022-08-10T09:00:32+00:00","dateModified":"2026-02-12T09:26:36+00:00","breadcrumb":{"@id":"https:\/\/tichel-haus.de\/en\/datenschutzerklaerung\/#breadcrumb"},"inLanguage":"en-US","potentialAction":[{"@type":"ReadAction","target":["https:\/\/tichel-haus.de\/en\/datenschutzerklaerung\/"]}]},{"@type":"BreadcrumbList","@id":"https:\/\/tichel-haus.de\/en\/datenschutzerklaerung\/#breadcrumb","itemListElement":[{"@type":"ListItem","position":1,"name":"Startseite","item":"https:\/\/tichel-haus.de\/en\/"},{"@type":"ListItem","position":2,"name":"Datenschutz"}]},{"@type":"WebSite","@id":"https:\/\/tichel-haus.de\/#website","url":"https:\/\/tichel-haus.de\/","name":"Tichelhaus","description":"Eine weitere WordPress-Website","publisher":{"@id":"https:\/\/tichel-haus.de\/#organization"},"potentialAction":[{"@type":"SearchAction","target":{"@type":"EntryPoint","urlTemplate":"https:\/\/tichel-haus.de\/?s={search_term_string}"},"query-input":{"@type":"PropertyValueSpecification","valueRequired":true,"valueName":"search_term_string"}}],"inLanguage":"en-US"},{"@type":"Organization","@id":"https:\/\/tichel-haus.de\/#organization","name":"Tichelhaus","url":"https:\/\/tichel-haus.de\/","logo":{"@type":"ImageObject","inLanguage":"en-US","@id":"https:\/\/tichel-haus.de\/#\/schema\/logo\/image\/","url":"https:\/\/tichel-haus.de\/wp-content\/uploads\/2022\/08\/220609_QUE_22_007_Willy-Brandt-69_Logo_schwarz_1.0_website.svg","contentUrl":"https:\/\/tichel-haus.de\/wp-content\/uploads\/2022\/08\/220609_QUE_22_007_Willy-Brandt-69_Logo_schwarz_1.0_website.svg","width":639,"height":130,"caption":"Tichelhaus"},"image":{"@id":"https:\/\/tichel-haus.de\/#\/schema\/logo\/image\/"}}]}},"_links":{"self":[{"href":"https:\/\/tichel-haus.de\/en\/wp-json\/wp\/v2\/pages\/707","targetHints":{"allow":["GET"]}}],"collection":[{"href":"https:\/\/tichel-haus.de\/en\/wp-json\/wp\/v2\/pages"}],"about":[{"href":"https:\/\/tichel-haus.de\/en\/wp-json\/wp\/v2\/types\/page"}],"author":[{"embeddable":true,"href":"https:\/\/tichel-haus.de\/en\/wp-json\/wp\/v2\/users\/1"}],"replies":[{"embeddable":true,"href":"https:\/\/tichel-haus.de\/en\/wp-json\/wp\/v2\/comments?post=707"}],"version-history":[{"count":5,"href":"https:\/\/tichel-haus.de\/en\/wp-json\/wp\/v2\/pages\/707\/revisions"}],"predecessor-version":[{"id":1049,"href":"https:\/\/tichel-haus.de\/en\/wp-json\/wp\/v2\/pages\/707\/revisions\/1049"}],"wp:attachment":[{"href":"https:\/\/tichel-haus.de\/en\/wp-json\/wp\/v2\/media?parent=707"}],"curies":[{"name":"wp","href":"https:\/\/api.w.org\/{rel}","templated":true}]}}